{"id":10,"date":"2015-12-17T06:33:35","date_gmt":"2015-12-17T05:33:35","guid":{"rendered":"https:\/\/www.kfzaufbereitung-graf.de\/?page_id=10"},"modified":"2019-02-28T04:51:11","modified_gmt":"2019-02-28T03:51:11","slug":"leistungen","status":"publish","type":"page","link":"https:\/\/www.kfzaufbereitung-graf.de\/","title":{"rendered":"Meine Leistungen"},"content":{"rendered":"<p style=\"text-align: left;\"><strong>Ihr Profi f\u00fcr KFZ Aufbereitung im Raum Amberg-Sulzbach in der Oberpfalz.<\/strong><\/p>\n<h2>Meine Leistungen f\u00fcr Sie:<\/h2>\n<p>&nbsp;<\/p>\n<p style=\"text-align: left;\"><img loading=\"lazy\" decoding=\"async\" class=\"wp-image-361 alignleft\" src=\"https:\/\/www.kfzaufbereitung-graf.de\/wp-content\/uploads\/2014\/09\/hacken.png\" alt=\"hacken\" width=\"30\" height=\"31\">Hand-Oberw\u00e4sche, intensive Lackreinigung, T\u00fcrkanten- und Felgenreinigung<\/p>\n<p><img loading=\"lazy\" decoding=\"async\" class=\"wp-image-361 alignleft\" src=\"https:\/\/www.kfzaufbereitung-graf.de\/wp-content\/uploads\/2014\/09\/hacken.png\" alt=\"hacken\" width=\"30\" height=\"31\">Beseitigung von Kratzern<\/p>\n<p><img loading=\"lazy\" decoding=\"async\" class=\"wp-image-361 alignleft\" src=\"https:\/\/www.kfzaufbereitung-graf.de\/wp-content\/uploads\/2014\/09\/hacken.png\" alt=\"hacken\" width=\"30\" height=\"31\">Hologramm- und Wolkenfrei, Hochglanzpolitur<\/p>\n<p><img loading=\"lazy\" decoding=\"async\" class=\"wp-image-361 alignleft\" src=\"https:\/\/www.kfzaufbereitung-graf.de\/wp-content\/uploads\/2014\/09\/hacken.png\" alt=\"hacken\" width=\"30\" height=\"31\">Gummi- und Kunststoffversiegelung aussen<\/p>\n<p><img loading=\"lazy\" decoding=\"async\" class=\"wp-image-361 alignleft\" src=\"https:\/\/www.kfzaufbereitung-graf.de\/wp-content\/uploads\/2014\/09\/hacken.png\" alt=\"hacken\" width=\"30\" height=\"31\">Scheibenreinigung innen\/aussen<\/p>\n<p><img loading=\"lazy\" decoding=\"async\" class=\"wp-image-361 alignleft\" src=\"https:\/\/www.kfzaufbereitung-graf.de\/wp-content\/uploads\/2014\/09\/hacken.png\" alt=\"hacken\" width=\"30\" height=\"31\">Cockpit und Ablagefl\u00e4chen reinigen, Kunststoffpflege<\/p>\n<p><img loading=\"lazy\" decoding=\"async\" class=\"wp-image-361 alignleft\" src=\"https:\/\/www.kfzaufbereitung-graf.de\/wp-content\/uploads\/2014\/09\/hacken.png\" alt=\"hacken\" width=\"30\" height=\"31\">Saugen\/Shampoonieren der Polster und Teppiche inkl. Kofferaum (alternativ Lederpflege)<\/p>\n<p><img loading=\"lazy\" decoding=\"async\" class=\"wp-image-361 alignleft\" src=\"https:\/\/www.kfzaufbereitung-graf.de\/wp-content\/uploads\/2014\/09\/hacken.png\" alt=\"hacken\" width=\"30\" height=\"31\">Professionelle Geruchsbeseitigung mit Ozon bei der Aufbereitung<\/p>\n<p>&nbsp;<\/p>\n<p>&nbsp;<\/p>\n<p><strong>und vieles mehr&#8230;<\/strong><\/p>\n<p><strong>rufen Sie mich an!<\/strong><\/p>\n","protected":false},"excerpt":{"rendered":"<p>Ihr Profi f\u00fcr KFZ Aufbereitung im Raum Amberg-Sulzbach in der Oberpfalz. Meine Leistungen f\u00fcr Sie: &nbsp; Hand-Oberw\u00e4sche, intensive Lackreinigung, T\u00fcrkanten- und Felgenreinigung Beseitigung von Kratzern Hologramm- und Wolkenfrei, Hochglanzpolitur Gummi- und Kunststoffversiegelung aussen Scheibenreinigung innen\/aussen Cockpit und Ablagefl\u00e4chen reinigen, Kunststoffpflege Saugen\/Shampoonieren der Polster und Teppiche inkl. Kofferaum (alternativ Lederpflege) Professionelle Geruchsbeseitigung mit Ozon bei der &hellip; <a href=\"https:\/\/www.kfzaufbereitung-graf.de\/\" class=\"more-link\"><span class=\"screen-reader-text\">Meine Leistungen<\/span> weiterlesen <span class=\"meta-nav\">&rarr;<\/span><\/a><\/p>\n","protected":false},"author":1,"featured_media":0,"parent":0,"menu_order":0,"comment_status":"closed","ping_status":"open","template":"","meta":{"footnotes":""},"yoast_head":"<!-- This site is optimized with the Yoast SEO plugin v24.0 - https:\/\/yoast.com\/wordpress\/plugins\/seo\/ -->\n<title>Meine Leistungen - KFZ-Aufbereitung Graf<\/title>\n<meta name=\"description\" content=\"kfz aufbereitung graf johann waschen flugrost polieren versiegeln reinigung innenraum ozon poppenricht amberg sulzbach oberpfalz n\u00fcrnberg bayern leasing nano\" \/>\n<meta name=\"robots\" content=\"index, follow, max-snippet:-1, max-image-preview:large, max-video-preview:-1\" \/>\n<link rel=\"canonical\" href=\"https:\/\/www.kfzaufbereitung-graf.de\/\" \/>\n<meta property=\"og:locale\" content=\"de_DE\" \/>\n<meta property=\"og:type\" content=\"article\" \/>\n<meta property=\"og:title\" content=\"Meine Leistungen - KFZ-Aufbereitung Graf\" \/>\n<meta property=\"og:description\" content=\"kfz aufbereitung graf johann waschen flugrost polieren versiegeln reinigung innenraum ozon poppenricht amberg sulzbach oberpfalz n\u00fcrnberg bayern leasing nano\" \/>\n<meta property=\"og:url\" content=\"https:\/\/www.kfzaufbereitung-graf.de\/\" \/>\n<meta property=\"og:site_name\" content=\"KFZ-Aufbereitung Graf\" \/>\n<meta property=\"article:modified_time\" content=\"2019-02-28T03:51:11+00:00\" \/>\n<meta property=\"og:image\" content=\"https:\/\/www.kfzaufbereitung-graf.de\/wp-content\/uploads\/2014\/09\/hacken.png\" \/>\n<meta name=\"twitter:card\" content=\"summary_large_image\" \/>\n<script type=\"application\/ld+json\" class=\"yoast-schema-graph\">{\"@context\":\"https:\/\/schema.org\",\"@graph\":[{\"@type\":\"WebPage\",\"@id\":\"https:\/\/www.kfzaufbereitung-graf.de\/\",\"url\":\"https:\/\/www.kfzaufbereitung-graf.de\/\",\"name\":\"Meine Leistungen - KFZ-Aufbereitung Graf\",\"isPartOf\":{\"@id\":\"https:\/\/www.kfzaufbereitung-graf.de\/#website\"},\"primaryImageOfPage\":{\"@id\":\"https:\/\/www.kfzaufbereitung-graf.de\/#primaryimage\"},\"image\":{\"@id\":\"https:\/\/www.kfzaufbereitung-graf.de\/#primaryimage\"},\"thumbnailUrl\":\"https:\/\/www.kfzaufbereitung-graf.de\/wp-content\/uploads\/2014\/09\/hacken.png\",\"datePublished\":\"2015-12-17T05:33:35+00:00\",\"dateModified\":\"2019-02-28T03:51:11+00:00\",\"description\":\"kfz aufbereitung graf johann waschen flugrost polieren versiegeln reinigung innenraum ozon poppenricht amberg sulzbach oberpfalz n\u00fcrnberg bayern leasing nano\",\"breadcrumb\":{\"@id\":\"https:\/\/www.kfzaufbereitung-graf.de\/#breadcrumb\"},\"inLanguage\":\"de\",\"potentialAction\":[{\"@type\":\"ReadAction\",\"target\":[\"https:\/\/www.kfzaufbereitung-graf.de\/\"]}]},{\"@type\":\"ImageObject\",\"inLanguage\":\"de\",\"@id\":\"https:\/\/www.kfzaufbereitung-graf.de\/#primaryimage\",\"url\":\"https:\/\/www.kfzaufbereitung-graf.de\/wp-content\/uploads\/2014\/09\/hacken.png\",\"contentUrl\":\"https:\/\/www.kfzaufbereitung-graf.de\/wp-content\/uploads\/2014\/09\/hacken.png\",\"width\":68,\"height\":71},{\"@type\":\"BreadcrumbList\",\"@id\":\"https:\/\/www.kfzaufbereitung-graf.de\/#breadcrumb\",\"itemListElement\":[{\"@type\":\"ListItem\",\"position\":1,\"name\":\"Home\",\"item\":\"https:\/\/www.kfzaufbereitung-graf.de\/\"},{\"@type\":\"ListItem\",\"position\":2,\"name\":\"Meine Leistungen\"}]},{\"@type\":\"WebSite\",\"@id\":\"https:\/\/www.kfzaufbereitung-graf.de\/#website\",\"url\":\"https:\/\/www.kfzaufbereitung-graf.de\/\",\"name\":\"KFZ-Aufbereitung Graf\",\"description\":\"vom Profi\",\"potentialAction\":[{\"@type\":\"SearchAction\",\"target\":{\"@type\":\"EntryPoint\",\"urlTemplate\":\"https:\/\/www.kfzaufbereitung-graf.de\/?s={search_term_string}\"},\"query-input\":{\"@type\":\"PropertyValueSpecification\",\"valueRequired\":true,\"valueName\":\"search_term_string\"}}],\"inLanguage\":\"de\"}]}<\/script>\n<!-- \/ Yoast SEO plugin. -->","yoast_head_json":{"title":"Meine Leistungen - KFZ-Aufbereitung Graf","description":"kfz aufbereitung graf johann waschen flugrost polieren versiegeln reinigung innenraum ozon poppenricht amberg sulzbach oberpfalz n\u00fcrnberg bayern leasing nano","robots":{"index":"index","follow":"follow","max-snippet":"max-snippet:-1","max-image-preview":"max-image-preview:large","max-video-preview":"max-video-preview:-1"},"canonical":"https:\/\/www.kfzaufbereitung-graf.de\/","og_locale":"de_DE","og_type":"article","og_title":"Meine Leistungen - KFZ-Aufbereitung Graf","og_description":"kfz aufbereitung graf johann waschen flugrost polieren versiegeln reinigung innenraum ozon poppenricht amberg sulzbach oberpfalz n\u00fcrnberg bayern leasing nano","og_url":"https:\/\/www.kfzaufbereitung-graf.de\/","og_site_name":"KFZ-Aufbereitung Graf","article_modified_time":"2019-02-28T03:51:11+00:00","og_image":[{"url":"https:\/\/www.kfzaufbereitung-graf.de\/wp-content\/uploads\/2014\/09\/hacken.png","type":"","width":"","height":""}],"twitter_card":"summary_large_image","schema":{"@context":"https:\/\/schema.org","@graph":[{"@type":"WebPage","@id":"https:\/\/www.kfzaufbereitung-graf.de\/","url":"https:\/\/www.kfzaufbereitung-graf.de\/","name":"Meine Leistungen - KFZ-Aufbereitung Graf","isPartOf":{"@id":"https:\/\/www.kfzaufbereitung-graf.de\/#website"},"primaryImageOfPage":{"@id":"https:\/\/www.kfzaufbereitung-graf.de\/#primaryimage"},"image":{"@id":"https:\/\/www.kfzaufbereitung-graf.de\/#primaryimage"},"thumbnailUrl":"https:\/\/www.kfzaufbereitung-graf.de\/wp-content\/uploads\/2014\/09\/hacken.png","datePublished":"2015-12-17T05:33:35+00:00","dateModified":"2019-02-28T03:51:11+00:00","description":"kfz aufbereitung graf johann waschen flugrost polieren versiegeln reinigung innenraum ozon poppenricht amberg sulzbach oberpfalz n\u00fcrnberg bayern leasing nano","breadcrumb":{"@id":"https:\/\/www.kfzaufbereitung-graf.de\/#breadcrumb"},"inLanguage":"de","potentialAction":[{"@type":"ReadAction","target":["https:\/\/www.kfzaufbereitung-graf.de\/"]}]},{"@type":"ImageObject","inLanguage":"de","@id":"https:\/\/www.kfzaufbereitung-graf.de\/#primaryimage","url":"https:\/\/www.kfzaufbereitung-graf.de\/wp-content\/uploads\/2014\/09\/hacken.png","contentUrl":"https:\/\/www.kfzaufbereitung-graf.de\/wp-content\/uploads\/2014\/09\/hacken.png","width":68,"height":71},{"@type":"BreadcrumbList","@id":"https:\/\/www.kfzaufbereitung-graf.de\/#breadcrumb","itemListElement":[{"@type":"ListItem","position":1,"name":"Home","item":"https:\/\/www.kfzaufbereitung-graf.de\/"},{"@type":"ListItem","position":2,"name":"Meine Leistungen"}]},{"@type":"WebSite","@id":"https:\/\/www.kfzaufbereitung-graf.de\/#website","url":"https:\/\/www.kfzaufbereitung-graf.de\/","name":"KFZ-Aufbereitung Graf","description":"vom Profi","potentialAction":[{"@type":"SearchAction","target":{"@type":"EntryPoint","urlTemplate":"https:\/\/www.kfzaufbereitung-graf.de\/?s={search_term_string}"},"query-input":{"@type":"PropertyValueSpecification","valueRequired":true,"valueName":"search_term_string"}}],"inLanguage":"de"}]}},"publishpress_future_action":{"enabled":false,"date":"2026-05-16 10:18:19","action":"change-status","newStatus":"private","terms":[],"taxonomy":""},"_links":{"self":[{"href":"https:\/\/www.kfzaufbereitung-graf.de\/index.php?rest_route=\/wp\/v2\/pages\/10"}],"collection":[{"href":"https:\/\/www.kfzaufbereitung-graf.de\/index.php?rest_route=\/wp\/v2\/pages"}],"about":[{"href":"https:\/\/www.kfzaufbereitung-graf.de\/index.php?rest_route=\/wp\/v2\/types\/page"}],"author":[{"embeddable":true,"href":"https:\/\/www.kfzaufbereitung-graf.de\/index.php?rest_route=\/wp\/v2\/users\/1"}],"replies":[{"embeddable":true,"href":"https:\/\/www.kfzaufbereitung-graf.de\/index.php?rest_route=%2Fwp%2Fv2%2Fcomments&post=10"}],"version-history":[{"count":1,"href":"https:\/\/www.kfzaufbereitung-graf.de\/index.php?rest_route=\/wp\/v2\/pages\/10\/revisions"}],"predecessor-version":[{"id":434,"href":"https:\/\/www.kfzaufbereitung-graf.de\/index.php?rest_route=\/wp\/v2\/pages\/10\/revisions\/434"}],"wp:attachment":[{"href":"https:\/\/www.kfzaufbereitung-graf.de\/index.php?rest_route=%2Fwp%2Fv2%2Fmedia&parent=10"}],"curies":[{"name":"wp","href":"https:\/\/api.w.org\/{rel}","templated":true}]}}